{"id":66,"date":"2022-05-09T15:13:56","date_gmt":"2022-05-09T13:13:56","guid":{"rendered":"https:\/\/sarl-taureau.com\/?page_id=66"},"modified":"2022-11-09T16:54:42","modified_gmt":"2022-11-09T15:54:42","slug":"zinguerie","status":"publish","type":"page","link":"https:\/\/sarl-taureau.com\/index.php\/zinguerie\/","title":{"rendered":"Zinguerie"},"content":{"rendered":"\t\t<div data-elementor-type=\"wp-page\" data-elementor-id=\"66\" class=\"elementor elementor-66\">\n\t\t\t\t\t\t\t\t\t<section class=\"elementor-section elementor-top-section elementor-element elementor-element-6f8b681 elementor-section-full_width elementor-section-height-min-height elementor-section-stretched elementor-section-height-default elementor-section-items-middle\" data-id=\"6f8b681\" data-element_type=\"section\" data-settings=\"{&quot;stretch_section&quot;:&quot;section-stretched&quot;,&quot;background_background&quot;:&quot;classic&quot;}\">\n\t\t\t\t\t\t<div class=\"elementor-container elementor-column-gap-default\">\n\t\t\t\t\t<div class=\"elementor-column elementor-col-100 elementor-top-column elementor-element elementor-element-5d6ce71\" data-id=\"5d6ce71\" data-element_type=\"column\" data-settings=\"{&quot;background_background&quot;:&quot;classic&quot;}\">\n\t\t\t<div class=\"elementor-widget-wrap elementor-element-populated\">\n\t\t\t\t\t\t\t\t<div class=\"elementor-element elementor-element-7a9908d elementor-widget elementor-widget-heading\" data-id=\"7a9908d\" data-element_type=\"widget\" data-widget_type=\"heading.default\">\n\t\t\t\t<div class=\"elementor-widget-container\">\n\t\t\t<style>\/*! elementor - v3.6.5 - 27-04-2022 *\/\n.elementor-heading-title{padding:0;margin:0;line-height:1}.elementor-widget-heading .elementor-heading-title[class*=elementor-size-]>a{color:inherit;font-size:inherit;line-height:inherit}.elementor-widget-heading .elementor-heading-title.elementor-size-small{font-size:15px}.elementor-widget-heading .elementor-heading-title.elementor-size-medium{font-size:19px}.elementor-widget-heading .elementor-heading-title.elementor-size-large{font-size:29px}.elementor-widget-heading .elementor-heading-title.elementor-size-xl{font-size:39px}.elementor-widget-heading .elementor-heading-title.elementor-size-xxl{font-size:59px}<\/style><h2 class=\"elementor-heading-title elementor-size-default\">ZINGUERIE<\/h2>\t\t<\/div>\n\t\t\t\t<\/div>\n\t\t\t\t<div class=\"elementor-element elementor-element-ed69162 elementor-align-center elementor-widget elementor-widget-button\" data-id=\"ed69162\" data-element_type=\"widget\" data-widget_type=\"button.default\">\n\t\t\t\t<div class=\"elementor-widget-container\">\n\t\t\t\t\t<div class=\"elementor-button-wrapper\">\n\t\t\t<a href=\"https:\/\/sarl-taureau.com\/index.php\/contact\/\" class=\"elementor-button-link elementor-button elementor-size-md\" role=\"button\">\n\t\t\t\t\t\t<span class=\"elementor-button-content-wrapper\">\n\t\t\t\t\t\t<span class=\"elementor-button-text\">DEMANDER UN DEVIS<\/span>\n\t\t<\/span>\n\t\t\t\t\t<\/a>\n\t\t<\/div>\n\t\t\t\t<\/div>\n\t\t\t\t<\/div>\n\t\t\t\t\t<\/div>\n\t\t<\/div>\n\t\t\t\t\t\t\t<\/div>\n\t\t<\/section>\n\t\t\t\t<section class=\"elementor-section elementor-top-section elementor-element elementor-element-015fb38 elementor-section-boxed elementor-section-height-default elementor-section-height-default\" data-id=\"015fb38\" data-element_type=\"section\">\n\t\t\t\t\t\t<div class=\"elementor-container elementor-column-gap-default\">\n\t\t\t\t\t<div class=\"elementor-column elementor-col-100 elementor-top-column elementor-element elementor-element-a3476db\" data-id=\"a3476db\" data-element_type=\"column\">\n\t\t\t<div class=\"elementor-widget-wrap elementor-element-populated\">\n\t\t\t\t\t\t\t\t<div class=\"elementor-element elementor-element-8c53517 elementor-widget elementor-widget-spacer\" data-id=\"8c53517\" data-element_type=\"widget\" data-widget_type=\"spacer.default\">\n\t\t\t\t<div class=\"elementor-widget-container\">\n\t\t\t<style>\/*! elementor - v3.6.5 - 27-04-2022 *\/\n.e-container.e-container--row .elementor-spacer-inner{width:var(--spacer-size)}.e-container.e-container--column .elementor-spacer-inner,.elementor-column .elementor-spacer-inner{height:var(--spacer-size)}<\/style>\t\t<div class=\"elementor-spacer\">\n\t\t\t<div class=\"elementor-spacer-inner\"><\/div>\n\t\t<\/div>\n\t\t\t\t<\/div>\n\t\t\t\t<\/div>\n\t\t\t\t\t<\/div>\n\t\t<\/div>\n\t\t\t\t\t\t\t<\/div>\n\t\t<\/section>\n\t\t\t\t<section class=\"elementor-section elementor-top-section elementor-element elementor-element-9c833e6 elementor-section-boxed elementor-section-height-default elementor-section-height-default\" data-id=\"9c833e6\" data-element_type=\"section\">\n\t\t\t\t\t\t<div class=\"elementor-container elementor-column-gap-default\">\n\t\t\t\t\t<div class=\"elementor-column elementor-col-100 elementor-top-column elementor-element elementor-element-c8b563e\" data-id=\"c8b563e\" data-element_type=\"column\">\n\t\t\t<div class=\"elementor-widget-wrap elementor-element-populated\">\n\t\t\t\t\t\t\t\t<div class=\"elementor-element elementor-element-c0032e6 elementor-widget elementor-widget-heading\" data-id=\"c0032e6\" data-element_type=\"widget\" data-widget_type=\"heading.default\">\n\t\t\t\t<div class=\"elementor-widget-container\">\n\t\t\t<h2 class=\"elementor-heading-title elementor-size-default\">Travaux de zinguerie - Charente<\/h2>\t\t<\/div>\n\t\t\t\t<\/div>\n\t\t\t\t<div class=\"elementor-element elementor-element-6acb41e elementor-widget elementor-widget-text-editor\" data-id=\"6acb41e\" data-element_type=\"widget\" data-widget_type=\"text-editor.default\">\n\t\t\t\t<div class=\"elementor-widget-container\">\n\t\t\t<style>\/*! elementor - v3.6.5 - 27-04-2022 *\/\n.elementor-widget-text-editor.elementor-drop-cap-view-stacked .elementor-drop-cap{background-color:#818a91;color:#fff}.elementor-widget-text-editor.elementor-drop-cap-view-framed .elementor-drop-cap{color:#818a91;border:3px solid;background-color:transparent}.elementor-widget-text-editor:not(.elementor-drop-cap-view-default) .elementor-drop-cap{margin-top:8px}.elementor-widget-text-editor:not(.elementor-drop-cap-view-default) .elementor-drop-cap-letter{width:1em;height:1em}.elementor-widget-text-editor .elementor-drop-cap{float:left;text-align:center;line-height:1;font-size:50px}.elementor-widget-text-editor .elementor-drop-cap-letter{display:inline-block}<\/style>\t\t\t\t<p>La SARL Taureau est sp\u00e9cialis\u00e9e dans les travaux de zinguerie en lien avec votre toiture. Notre savoir faire d\u00e9velopp\u00e9 au cours des ann\u00e9es nous permet d&rsquo;intervenir rapidement sur l&rsquo;ensemble de vos travaux d&rsquo;installation ou remplacement de goutti\u00e8res et descentes d&rsquo;eaux pluviales. Notre \u00e9quipe de professionnels est apte \u00e0 effectuer la cr\u00e9ation ou la r\u00e9novation de vos ch\u00e9neaux, mais \u00e9galement vos entourages de chemin\u00e9e.\u00a0<\/p>\t\t\t\t\t\t<\/div>\n\t\t\t\t<\/div>\n\t\t\t\t\t<\/div>\n\t\t<\/div>\n\t\t\t\t\t\t\t<\/div>\n\t\t<\/section>\n\t\t\t\t<section class=\"elementor-section elementor-top-section elementor-element elementor-element-7f82d49 elementor-section-boxed elementor-section-height-default elementor-section-height-default\" data-id=\"7f82d49\" data-element_type=\"section\">\n\t\t\t\t\t\t<div class=\"elementor-container elementor-column-gap-default\">\n\t\t\t\t\t<div class=\"elementor-column elementor-col-100 elementor-top-column elementor-element elementor-element-119f12a\" data-id=\"119f12a\" data-element_type=\"column\">\n\t\t\t<div class=\"elementor-widget-wrap elementor-element-populated\">\n\t\t\t\t\t\t\t\t<div class=\"elementor-element elementor-element-b763da8 elementor-widget elementor-widget-spacer\" data-id=\"b763da8\" data-element_type=\"widget\" data-widget_type=\"spacer.default\">\n\t\t\t\t<div class=\"elementor-widget-container\">\n\t\t\t\t\t<div class=\"elementor-spacer\">\n\t\t\t<div class=\"elementor-spacer-inner\"><\/div>\n\t\t<\/div>\n\t\t\t\t<\/div>\n\t\t\t\t<\/div>\n\t\t\t\t\t<\/div>\n\t\t<\/div>\n\t\t\t\t\t\t\t<\/div>\n\t\t<\/section>\n\t\t\t\t<section class=\"elementor-section elementor-top-section elementor-element elementor-element-d52a265 elementor-section-boxed elementor-section-height-default elementor-section-height-default\" data-id=\"d52a265\" data-element_type=\"section\">\n\t\t\t\t\t\t<div class=\"elementor-container elementor-column-gap-default\">\n\t\t\t\t\t<div class=\"elementor-column elementor-col-33 elementor-top-column elementor-element elementor-element-2bd8a3b\" data-id=\"2bd8a3b\" data-element_type=\"column\">\n\t\t\t<div class=\"elementor-widget-wrap elementor-element-populated\">\n\t\t\t\t\t\t\t\t<div class=\"elementor-element elementor-element-a90fb8f elementor-widget elementor-widget-image\" data-id=\"a90fb8f\" data-element_type=\"widget\" data-widget_type=\"image.default\">\n\t\t\t\t<div class=\"elementor-widget-container\">\n\t\t\t<style>\/*! elementor - v3.6.5 - 27-04-2022 *\/\n.elementor-widget-image{text-align:center}.elementor-widget-image a{display:inline-block}.elementor-widget-image a img[src$=\".svg\"]{width:48px}.elementor-widget-image img{vertical-align:middle;display:inline-block}<\/style>\t\t\t\t\t\t\t\t\t\t\t\t<img decoding=\"async\" src=\"https:\/\/sarl-taureau.com\/wp-content\/plugins\/elementor\/assets\/images\/placeholder.png\" title=\"\" alt=\"\" \/>\t\t\t\t\t\t\t\t\t\t\t\t\t\t\t<\/div>\n\t\t\t\t<\/div>\n\t\t\t\t<div class=\"elementor-element elementor-element-92f82c9 elementor-widget elementor-widget-heading\" data-id=\"92f82c9\" data-element_type=\"widget\" data-widget_type=\"heading.default\">\n\t\t\t\t<div class=\"elementor-widget-container\">\n\t\t\t<h2 class=\"elementor-heading-title elementor-size-default\">Installation de goutti\u00e8res - Charente<\/h2>\t\t<\/div>\n\t\t\t\t<\/div>\n\t\t\t\t<div class=\"elementor-element elementor-element-3defb44 elementor-widget elementor-widget-text-editor\" data-id=\"3defb44\" data-element_type=\"widget\" data-widget_type=\"text-editor.default\">\n\t\t\t\t<div class=\"elementor-widget-container\">\n\t\t\t\t\t\t\t<p>Faites appel \u00e0 une entreprise experte pour la pose de vos nouvelles goutti\u00e8res ou la r\u00e9paration et l&rsquo;entretien de vos anciennes goutti\u00e8res.<\/p>\t\t\t\t\t\t<\/div>\n\t\t\t\t<\/div>\n\t\t\t\t\t<\/div>\n\t\t<\/div>\n\t\t\t\t<div class=\"elementor-column elementor-col-33 elementor-top-column elementor-element elementor-element-5e6787b\" data-id=\"5e6787b\" data-element_type=\"column\">\n\t\t\t<div class=\"elementor-widget-wrap elementor-element-populated\">\n\t\t\t\t\t\t\t\t<div class=\"elementor-element elementor-element-98932c3 elementor-widget elementor-widget-image\" data-id=\"98932c3\" data-element_type=\"widget\" data-widget_type=\"image.default\">\n\t\t\t\t<div class=\"elementor-widget-container\">\n\t\t\t\t\t\t\t\t\t\t\t\t\t\t\t<img decoding=\"async\" src=\"https:\/\/sarl-taureau.com\/wp-content\/plugins\/elementor\/assets\/images\/placeholder.png\" title=\"\" alt=\"\" \/>\t\t\t\t\t\t\t\t\t\t\t\t\t\t\t<\/div>\n\t\t\t\t<\/div>\n\t\t\t\t<div class=\"elementor-element elementor-element-0157e51 elementor-widget elementor-widget-heading\" data-id=\"0157e51\" data-element_type=\"widget\" data-widget_type=\"heading.default\">\n\t\t\t\t<div class=\"elementor-widget-container\">\n\t\t\t<h2 class=\"elementor-heading-title elementor-size-default\">Habillage en zinc - Charente<\/h2>\t\t<\/div>\n\t\t\t\t<\/div>\n\t\t\t\t<div class=\"elementor-element elementor-element-fe71e56 elementor-widget elementor-widget-text-editor\" data-id=\"fe71e56\" data-element_type=\"widget\" data-widget_type=\"text-editor.default\">\n\t\t\t\t<div class=\"elementor-widget-container\">\n\t\t\t\t\t\t\t<p>Nos experts s&rsquo;adaptent \u00e0 votre demande et r\u00e9alisent la pose d&rsquo;habillage en zinc sur votre toiture afin de r\u00e9pondre au mieux \u00e0 vos attentes.<\/p>\t\t\t\t\t\t<\/div>\n\t\t\t\t<\/div>\n\t\t\t\t\t<\/div>\n\t\t<\/div>\n\t\t\t\t<div class=\"elementor-column elementor-col-33 elementor-top-column elementor-element elementor-element-1603a29\" data-id=\"1603a29\" data-element_type=\"column\">\n\t\t\t<div class=\"elementor-widget-wrap elementor-element-populated\">\n\t\t\t\t\t\t\t\t<div class=\"elementor-element elementor-element-95e6e9c elementor-widget elementor-widget-image\" data-id=\"95e6e9c\" data-element_type=\"widget\" data-widget_type=\"image.default\">\n\t\t\t\t<div class=\"elementor-widget-container\">\n\t\t\t\t\t\t\t\t\t\t\t\t\t\t\t<img decoding=\"async\" src=\"https:\/\/sarl-taureau.com\/wp-content\/plugins\/elementor\/assets\/images\/placeholder.png\" title=\"\" alt=\"\" \/>\t\t\t\t\t\t\t\t\t\t\t\t\t\t\t<\/div>\n\t\t\t\t<\/div>\n\t\t\t\t<div class=\"elementor-element elementor-element-846fa1e elementor-widget elementor-widget-heading\" data-id=\"846fa1e\" data-element_type=\"widget\" data-widget_type=\"heading.default\">\n\t\t\t\t<div class=\"elementor-widget-container\">\n\t\t\t<h2 class=\"elementor-heading-title elementor-size-default\">Entourage de chemin\u00e9e - Charente<\/h2>\t\t<\/div>\n\t\t\t\t<\/div>\n\t\t\t\t<div class=\"elementor-element elementor-element-d97e5b0 elementor-widget elementor-widget-text-editor\" data-id=\"d97e5b0\" data-element_type=\"widget\" data-widget_type=\"text-editor.default\">\n\t\t\t\t<div class=\"elementor-widget-container\">\n\t\t\t\t\t\t\t<p>Les entourages de chemin\u00e9es sont \u00e0 contr\u00f4ler, l&rsquo;usure peut provoquer des infiltrations d&rsquo;eau ainsi qu&rsquo;une perte d&rsquo;isolation de votre logement.<\/p>\t\t\t\t\t\t<\/div>\n\t\t\t\t<\/div>\n\t\t\t\t\t<\/div>\n\t\t<\/div>\n\t\t\t\t\t\t\t<\/div>\n\t\t<\/section>\n\t\t\t\t<section class=\"elementor-section elementor-top-section elementor-element elementor-element-bb0b414 elementor-section-boxed elementor-section-height-default elementor-section-height-default\" data-id=\"bb0b414\" data-element_type=\"section\">\n\t\t\t\t\t\t<div class=\"elementor-container elementor-column-gap-default\">\n\t\t\t\t\t<div class=\"elementor-column elementor-col-100 elementor-top-column elementor-element elementor-element-ad9b6d0\" data-id=\"ad9b6d0\" data-element_type=\"column\">\n\t\t\t<div class=\"elementor-widget-wrap elementor-element-populated\">\n\t\t\t\t\t\t\t\t<div class=\"elementor-element elementor-element-cf2c6d5 elementor-widget elementor-widget-spacer\" data-id=\"cf2c6d5\" data-element_type=\"widget\" data-widget_type=\"spacer.default\">\n\t\t\t\t<div class=\"elementor-widget-container\">\n\t\t\t\t\t<div class=\"elementor-spacer\">\n\t\t\t<div class=\"elementor-spacer-inner\"><\/div>\n\t\t<\/div>\n\t\t\t\t<\/div>\n\t\t\t\t<\/div>\n\t\t\t\t\t<\/div>\n\t\t<\/div>\n\t\t\t\t\t\t\t<\/div>\n\t\t<\/section>\n\t\t\t\t\t\t\t<\/div>\n\t\t","protected":false},"excerpt":{"rendered":"<p>ZINGUERIE DEMANDER UN DEVIS Travaux de zinguerie &#8211; Charente La SARL Taureau est sp\u00e9cialis\u00e9e dans les travaux de zinguerie en lien avec votre toiture. Notre savoir faire d\u00e9velopp\u00e9 au cours des ann\u00e9es nous permet d&rsquo;intervenir rapidement sur l&rsquo;ensemble de vos travaux d&rsquo;installation ou remplacement de goutti\u00e8res et descentes d&rsquo;eaux pluviales. Notre \u00e9quipe de professionnels est&hellip; <a class=\"more-link\" href=\"https:\/\/sarl-taureau.com\/index.php\/zinguerie\/\">Poursuivre la lecture <span class=\"screen-reader-text\">Zinguerie<\/span><\/a><\/p>\n","protected":false},"author":1,"featured_media":0,"parent":0,"menu_order":0,"comment_status":"closed","ping_status":"closed","template":"elementor_header_footer","meta":{"footnotes":""},"class_list":["post-66","page","type-page","status-publish","hentry","entry"],"yoast_head":"<!-- This site is optimized with the Yoast SEO plugin v19.10 - https:\/\/yoast.com\/wordpress\/plugins\/seo\/ -->\n<title>Zinguerie - SARL Taureau<\/title>\n<meta name=\"description\" content=\"Effectuez vos travaux de zinguerie de toiture avec les professionnels. La SARL Taureau est sp\u00e9cialis\u00e9e dans ces travaux depuis 1979.\" \/>\n<meta name=\"robots\" content=\"index, follow, max-snippet:-1, max-image-preview:large, max-video-preview:-1\" \/>\n<link rel=\"canonical\" href=\"https:\/\/sarl-taureau.com\/index.php\/zinguerie\/\" \/>\n<meta property=\"og:locale\" content=\"fr_FR\" \/>\n<meta property=\"og:type\" content=\"article\" \/>\n<meta property=\"og:title\" content=\"Zinguerie - SARL Taureau\" \/>\n<meta property=\"og:description\" content=\"Effectuez vos travaux de zinguerie de toiture avec les professionnels. La SARL Taureau est sp\u00e9cialis\u00e9e dans ces travaux depuis 1979.\" \/>\n<meta property=\"og:url\" content=\"https:\/\/sarl-taureau.com\/index.php\/zinguerie\/\" \/>\n<meta property=\"og:site_name\" content=\"SARL Taureau\" \/>\n<meta property=\"article:modified_time\" content=\"2022-11-09T15:54:42+00:00\" \/>\n<meta property=\"og:image\" content=\"https:\/\/sarl-taureau.com\/wp-content\/plugins\/elementor\/assets\/images\/placeholder.png\" \/>\n<meta name=\"twitter:card\" content=\"summary_large_image\" \/>\n<meta name=\"twitter:label1\" content=\"Dur\u00e9e de lecture estim\u00e9e\" \/>\n\t<meta name=\"twitter:data1\" content=\"2 minutes\" \/>\n<script type=\"application\/ld+json\" class=\"yoast-schema-graph\">{\"@context\":\"https:\/\/schema.org\",\"@graph\":[{\"@type\":\"WebPage\",\"@id\":\"https:\/\/sarl-taureau.com\/index.php\/zinguerie\/\",\"url\":\"https:\/\/sarl-taureau.com\/index.php\/zinguerie\/\",\"name\":\"Zinguerie - SARL Taureau\",\"isPartOf\":{\"@id\":\"https:\/\/sarl-taureau.com\/#website\"},\"datePublished\":\"2022-05-09T13:13:56+00:00\",\"dateModified\":\"2022-11-09T15:54:42+00:00\",\"description\":\"Effectuez vos travaux de zinguerie de toiture avec les professionnels. La SARL Taureau est sp\u00e9cialis\u00e9e dans ces travaux depuis 1979.\",\"breadcrumb\":{\"@id\":\"https:\/\/sarl-taureau.com\/index.php\/zinguerie\/#breadcrumb\"},\"inLanguage\":\"fr-FR\",\"potentialAction\":[{\"@type\":\"ReadAction\",\"target\":[\"https:\/\/sarl-taureau.com\/index.php\/zinguerie\/\"]}]},{\"@type\":\"BreadcrumbList\",\"@id\":\"https:\/\/sarl-taureau.com\/index.php\/zinguerie\/#breadcrumb\",\"itemListElement\":[{\"@type\":\"ListItem\",\"position\":1,\"name\":\"Home\",\"item\":\"https:\/\/sarl-taureau.com\/\"},{\"@type\":\"ListItem\",\"position\":2,\"name\":\"Zinguerie\"}]},{\"@type\":\"WebSite\",\"@id\":\"https:\/\/sarl-taureau.com\/#website\",\"url\":\"https:\/\/sarl-taureau.com\/\",\"name\":\"SARL Taureau\",\"description\":\"Couverture - Charpente - Zinguerie\",\"publisher\":{\"@id\":\"https:\/\/sarl-taureau.com\/#organization\"},\"potentialAction\":[{\"@type\":\"SearchAction\",\"target\":{\"@type\":\"EntryPoint\",\"urlTemplate\":\"https:\/\/sarl-taureau.com\/?s={search_term_string}\"},\"query-input\":\"required name=search_term_string\"}],\"inLanguage\":\"fr-FR\"},{\"@type\":\"Organization\",\"@id\":\"https:\/\/sarl-taureau.com\/#organization\",\"name\":\"SARL Taureau\",\"url\":\"https:\/\/sarl-taureau.com\/\",\"logo\":{\"@type\":\"ImageObject\",\"inLanguage\":\"fr-FR\",\"@id\":\"https:\/\/sarl-taureau.com\/#\/schema\/logo\/image\/\",\"url\":\"https:\/\/sarl-taureau.com\/wp-content\/uploads\/2022\/05\/LOGO-TAUREAU-SARL.png\",\"contentUrl\":\"https:\/\/sarl-taureau.com\/wp-content\/uploads\/2022\/05\/LOGO-TAUREAU-SARL.png\",\"width\":897,\"height\":242,\"caption\":\"SARL Taureau\"},\"image\":{\"@id\":\"https:\/\/sarl-taureau.com\/#\/schema\/logo\/image\/\"}}]}<\/script>\n<!-- \/ Yoast SEO plugin. -->","yoast_head_json":{"title":"Zinguerie - SARL Taureau","description":"Effectuez vos travaux de zinguerie de toiture avec les professionnels. La SARL Taureau est sp\u00e9cialis\u00e9e dans ces travaux depuis 1979.","robots":{"index":"index","follow":"follow","max-snippet":"max-snippet:-1","max-image-preview":"max-image-preview:large","max-video-preview":"max-video-preview:-1"},"canonical":"https:\/\/sarl-taureau.com\/index.php\/zinguerie\/","og_locale":"fr_FR","og_type":"article","og_title":"Zinguerie - SARL Taureau","og_description":"Effectuez vos travaux de zinguerie de toiture avec les professionnels. La SARL Taureau est sp\u00e9cialis\u00e9e dans ces travaux depuis 1979.","og_url":"https:\/\/sarl-taureau.com\/index.php\/zinguerie\/","og_site_name":"SARL Taureau","article_modified_time":"2022-11-09T15:54:42+00:00","og_image":[{"url":"https:\/\/sarl-taureau.com\/wp-content\/plugins\/elementor\/assets\/images\/placeholder.png"}],"twitter_card":"summary_large_image","twitter_misc":{"Dur\u00e9e de lecture estim\u00e9e":"2 minutes"},"schema":{"@context":"https:\/\/schema.org","@graph":[{"@type":"WebPage","@id":"https:\/\/sarl-taureau.com\/index.php\/zinguerie\/","url":"https:\/\/sarl-taureau.com\/index.php\/zinguerie\/","name":"Zinguerie - SARL Taureau","isPartOf":{"@id":"https:\/\/sarl-taureau.com\/#website"},"datePublished":"2022-05-09T13:13:56+00:00","dateModified":"2022-11-09T15:54:42+00:00","description":"Effectuez vos travaux de zinguerie de toiture avec les professionnels. La SARL Taureau est sp\u00e9cialis\u00e9e dans ces travaux depuis 1979.","breadcrumb":{"@id":"https:\/\/sarl-taureau.com\/index.php\/zinguerie\/#breadcrumb"},"inLanguage":"fr-FR","potentialAction":[{"@type":"ReadAction","target":["https:\/\/sarl-taureau.com\/index.php\/zinguerie\/"]}]},{"@type":"BreadcrumbList","@id":"https:\/\/sarl-taureau.com\/index.php\/zinguerie\/#breadcrumb","itemListElement":[{"@type":"ListItem","position":1,"name":"Home","item":"https:\/\/sarl-taureau.com\/"},{"@type":"ListItem","position":2,"name":"Zinguerie"}]},{"@type":"WebSite","@id":"https:\/\/sarl-taureau.com\/#website","url":"https:\/\/sarl-taureau.com\/","name":"SARL Taureau","description":"Couverture - Charpente - Zinguerie","publisher":{"@id":"https:\/\/sarl-taureau.com\/#organization"},"potentialAction":[{"@type":"SearchAction","target":{"@type":"EntryPoint","urlTemplate":"https:\/\/sarl-taureau.com\/?s={search_term_string}"},"query-input":"required name=search_term_string"}],"inLanguage":"fr-FR"},{"@type":"Organization","@id":"https:\/\/sarl-taureau.com\/#organization","name":"SARL Taureau","url":"https:\/\/sarl-taureau.com\/","logo":{"@type":"ImageObject","inLanguage":"fr-FR","@id":"https:\/\/sarl-taureau.com\/#\/schema\/logo\/image\/","url":"https:\/\/sarl-taureau.com\/wp-content\/uploads\/2022\/05\/LOGO-TAUREAU-SARL.png","contentUrl":"https:\/\/sarl-taureau.com\/wp-content\/uploads\/2022\/05\/LOGO-TAUREAU-SARL.png","width":897,"height":242,"caption":"SARL Taureau"},"image":{"@id":"https:\/\/sarl-taureau.com\/#\/schema\/logo\/image\/"}}]}},"_links":{"self":[{"href":"https:\/\/sarl-taureau.com\/index.php\/wp-json\/wp\/v2\/pages\/66","targetHints":{"allow":["GET"]}}],"collection":[{"href":"https:\/\/sarl-taureau.com\/index.php\/wp-json\/wp\/v2\/pages"}],"about":[{"href":"https:\/\/sarl-taureau.com\/index.php\/wp-json\/wp\/v2\/types\/page"}],"author":[{"embeddable":true,"href":"https:\/\/sarl-taureau.com\/index.php\/wp-json\/wp\/v2\/users\/1"}],"replies":[{"embeddable":true,"href":"https:\/\/sarl-taureau.com\/index.php\/wp-json\/wp\/v2\/comments?post=66"}],"version-history":[{"count":15,"href":"https:\/\/sarl-taureau.com\/index.php\/wp-json\/wp\/v2\/pages\/66\/revisions"}],"predecessor-version":[{"id":599,"href":"https:\/\/sarl-taureau.com\/index.php\/wp-json\/wp\/v2\/pages\/66\/revisions\/599"}],"wp:attachment":[{"href":"https:\/\/sarl-taureau.com\/index.php\/wp-json\/wp\/v2\/media?parent=66"}],"curies":[{"name":"wp","href":"https:\/\/api.w.org\/{rel}","templated":true}]}}